{"id":2,"date":"2023-04-03T18:13:21","date_gmt":"2023-04-03T18:13:21","guid":{"rendered":"https:\/\/emucesa.es\/gest\/?page_id=2"},"modified":"2023-08-02T10:41:02","modified_gmt":"2023-08-02T10:41:02","slug":"pagos","status":"publish","type":"page","link":"https:\/\/emucesa.es\/gest\/","title":{"rendered":"Pagos"},"content":{"rendered":"\t\t<div data-elementor-type=\"wp-page\" data-elementor-id=\"2\" class=\"elementor elementor-2\" data-elementor-post-type=\"page\">\n\t\t\t\t\t\t<section class=\"elementor-section elementor-top-section elementor-element elementor-element-422ef96 elementor-section-boxed elementor-section-height-default elementor-section-height-default\" data-id=\"422ef96\" data-element_type=\"section\" data-e-type=\"section\">\n\t\t\t\t\t\t<div class=\"elementor-container elementor-column-gap-default\">\n\t\t\t\t\t<div class=\"elementor-column elementor-col-50 elementor-top-column elementor-element elementor-element-572cf44\" data-id=\"572cf44\" data-element_type=\"column\" data-e-type=\"column\">\n\t\t\t<div class=\"elementor-widget-wrap elementor-element-populated\">\n\t\t\t\t\t\t<div class=\"elementor-element elementor-element-d21b159 elementor-widget elementor-widget-heading\" data-id=\"d21b159\" data-element_type=\"widget\" data-e-type=\"widget\" data-widget_type=\"heading.default\">\n\t\t\t\t<div class=\"elementor-widget-container\">\n\t\t\t\t\t<h3 class=\"elementor-heading-title elementor-size-default\">Opci\u00f3n 1<\/h3>\t\t\t\t<\/div>\n\t\t\t\t<\/div>\n\t\t\t\t<div class=\"elementor-element elementor-element-70939f0 elementor-widget elementor-widget-heading\" data-id=\"70939f0\" data-element_type=\"widget\" data-e-type=\"widget\" data-widget_type=\"heading.default\">\n\t\t\t\t<div class=\"elementor-widget-container\">\n\t\t\t\t\t<h4 class=\"elementor-heading-title elementor-size-default\">Pago de recibos<\/h4>\t\t\t\t<\/div>\n\t\t\t\t<\/div>\n\t\t\t\t<div class=\"elementor-element elementor-element-ee1dbf2 elementor-widget elementor-widget-text-editor\" data-id=\"ee1dbf2\" data-element_type=\"widget\" data-e-type=\"widget\" data-widget_type=\"text-editor.default\">\n\t\t\t\t<div class=\"elementor-widget-container\">\n\t\t\t\t\t\t\t\t\t<ul>\n<li>Acceso a la plataforma de pago<\/li>\n<li>Para su mayor comodidad, le recomendamos domiciliar el pago. <b>En este proceso se le requerir\u00e1 el n\u00famero de referencia que se indica en el recibo de pago<\/b><\/li>\n<\/ul>\t\t\t\t\t\t\t\t<\/div>\n\t\t\t\t<\/div>\n\t\t\t\t<div class=\"elementor-element elementor-element-f747bb2 elementor-align-center elementor-widget elementor-widget-button\" data-id=\"f747bb2\" data-element_type=\"widget\" data-e-type=\"widget\" data-widget_type=\"button.default\">\n\t\t\t\t<div class=\"elementor-widget-container\">\n\t\t\t\t\t\t\t\t\t<div class=\"elementor-button-wrapper\">\n\t\t\t\t\t<a class=\"elementor-button elementor-button-link elementor-size-sm\" href=\"https:\/\/www1.caixabank.es\/apl\/pagos\/index_es.html?EMISORA=189558\" target=\"_blank\">\n\t\t\t\t\t\t<span class=\"elementor-button-content-wrapper\">\n\t\t\t\t\t\t\t\t\t<span class=\"elementor-button-text\">Acceder aqu\u00ed<\/span>\n\t\t\t\t\t<\/span>\n\t\t\t\t\t<\/a>\n\t\t\t\t<\/div>\n\t\t\t\t\t\t\t\t<\/div>\n\t\t\t\t<\/div>\n\t\t\t\t\t<\/div>\n\t\t<\/div>\n\t\t\t\t<div class=\"elementor-column elementor-col-50 elementor-top-column elementor-element elementor-element-7917186\" data-id=\"7917186\" data-element_type=\"column\" data-e-type=\"column\">\n\t\t\t<div class=\"elementor-widget-wrap elementor-element-populated\">\n\t\t\t\t\t\t<div class=\"elementor-element elementor-element-f42a81c elementor-widget elementor-widget-heading\" data-id=\"f42a81c\" data-element_type=\"widget\" data-e-type=\"widget\" data-widget_type=\"heading.default\">\n\t\t\t\t<div class=\"elementor-widget-container\">\n\t\t\t\t\t<h3 class=\"elementor-heading-title elementor-size-default\">Opci\u00f3n 2<\/h3>\t\t\t\t<\/div>\n\t\t\t\t<\/div>\n\t\t\t\t<div class=\"elementor-element elementor-element-228bc0e elementor-widget elementor-widget-heading\" data-id=\"228bc0e\" data-element_type=\"widget\" data-e-type=\"widget\" data-widget_type=\"heading.default\">\n\t\t\t\t<div class=\"elementor-widget-container\">\n\t\t\t\t\t<h4 class=\"elementor-heading-title elementor-size-default\">Domiciliaci\u00f3n bancaria<\/h4>\t\t\t\t<\/div>\n\t\t\t\t<\/div>\n\t\t\t\t<div class=\"elementor-element elementor-element-060c4e0 elementor-widget elementor-widget-text-editor\" data-id=\"060c4e0\" data-element_type=\"widget\" data-e-type=\"widget\" data-widget_type=\"text-editor.default\">\n\t\t\t\t<div class=\"elementor-widget-container\">\n\t\t\t\t\t\t\t\t\t<ul class=\"marginBottom_1em marginTop_1em\"><li class=\"px18 azul regular marginLeft_3em marginBottom_1em marginTop_1em\">Para domiciliar los pagos debe estar al corriente del pago de recibos<\/li><li class=\"px18 azul regular marginLeft_3em marginBottom_1em marginTop_1em\">Cada unidad de enterramiento requerir\u00e1 una domiciliaci\u00f3n independiente<\/li><\/ul><p class=\"px18 negro_80 regular marginBottom_1em marginTop_1em\" style=\"text-align: center;\"><strong>PARA REALIZAR LA DOMICILIACI\u00d3N, ES NECESARIO HABER REALIZADO EL ABONO DE LOS RECIBOS PENDIENTES Y A\u00d1O EN VIGOR<\/strong><\/p>\t\t\t\t\t\t\t\t<\/div>\n\t\t\t\t<\/div>\n\t\t\t\t<div class=\"elementor-element elementor-element-539609a elementor-align-center elementor-widget elementor-widget-button\" data-id=\"539609a\" data-element_type=\"widget\" data-e-type=\"widget\" data-widget_type=\"button.default\">\n\t\t\t\t<div class=\"elementor-widget-container\">\n\t\t\t\t\t\t\t\t\t<div class=\"elementor-button-wrapper\">\n\t\t\t\t\t<a class=\"elementor-button elementor-button-link elementor-size-sm\" href=\"https:\/\/emucesa.es\/gest\/domiciliacion-recibos\/\" target=\"_blank\">\n\t\t\t\t\t\t<span class=\"elementor-button-content-wrapper\">\n\t\t\t\t\t\t\t\t\t<span class=\"elementor-button-text\">Acceder aqu\u00ed<\/span>\n\t\t\t\t\t<\/span>\n\t\t\t\t\t<\/a>\n\t\t\t\t<\/div>\n\t\t\t\t\t\t\t\t<\/div>\n\t\t\t\t<\/div>\n\t\t\t\t\t<\/div>\n\t\t<\/div>\n\t\t\t\t\t<\/div>\n\t\t<\/section>\n\t\t\t\t<\/div>\n\t\t","protected":false},"excerpt":{"rendered":"<p>Opci\u00f3n 1 Pago de recibos Acceso a la plataforma de pago Para su mayor comodidad, le recomendamos domiciliar el pago. En este proceso se le requerir\u00e1 el n\u00famero de referencia que se indica en el recibo de pago Acceder aqu\u00ed Opci\u00f3n 2 Domiciliaci\u00f3n bancaria Para domiciliar los pagos debe estar al corriente del pago de &#8230; <a title=\"Pagos\" class=\"read-more\" href=\"https:\/\/emucesa.es\/gest\/\" aria-label=\"M\u00e1s en Pagos\">Leer m\u00e1s<\/a><\/p>\n","protected":false},"author":1,"featured_media":0,"parent":0,"menu_order":0,"comment_status":"closed","ping_status":"closed","template":"elementor_header_footer","meta":{"_acf_changed":false,"footnotes":""},"class_list":["post-2","page","type-page","status-publish"],"acf":[],"_links":{"self":[{"href":"https:\/\/emucesa.es\/gest\/wp-json\/wp\/v2\/pages\/2","targetHints":{"allow":["GET"]}}],"collection":[{"href":"https:\/\/emucesa.es\/gest\/wp-json\/wp\/v2\/pages"}],"about":[{"href":"https:\/\/emucesa.es\/gest\/wp-json\/wp\/v2\/types\/page"}],"author":[{"embeddable":true,"href":"https:\/\/emucesa.es\/gest\/wp-json\/wp\/v2\/users\/1"}],"replies":[{"embeddable":true,"href":"https:\/\/emucesa.es\/gest\/wp-json\/wp\/v2\/comments?post=2"}],"version-history":[{"count":52,"href":"https:\/\/emucesa.es\/gest\/wp-json\/wp\/v2\/pages\/2\/revisions"}],"predecessor-version":[{"id":463,"href":"https:\/\/emucesa.es\/gest\/wp-json\/wp\/v2\/pages\/2\/revisions\/463"}],"wp:attachment":[{"href":"https:\/\/emucesa.es\/gest\/wp-json\/wp\/v2\/media?parent=2"}],"curies":[{"name":"wp","href":"https:\/\/api.w.org\/{rel}","templated":true}]}}