{"id":30,"date":"2023-04-03T19:30:52","date_gmt":"2023-04-03T19:30:52","guid":{"rendered":"https:\/\/emucesa.es\/gest\/?page_id=30"},"modified":"2023-04-04T08:02:00","modified_gmt":"2023-04-04T08:02:00","slug":"domiciliacion-recibos","status":"publish","type":"page","link":"https:\/\/emucesa.es\/gest\/domiciliacion-recibos\/","title":{"rendered":"Domiciliaci\u00f3n recibos"},"content":{"rendered":"\t\t<div data-elementor-type=\"wp-page\" data-elementor-id=\"30\" class=\"elementor elementor-30\" data-elementor-post-type=\"page\">\n\t\t\t\t\t\t<section class=\"elementor-section elementor-top-section elementor-element elementor-element-422ef96 elementor-section-boxed elementor-section-height-default elementor-section-height-default\" data-id=\"422ef96\" data-element_type=\"section\" data-e-type=\"section\">\n\t\t\t\t\t\t<div class=\"elementor-container elementor-column-gap-default\">\n\t\t\t\t\t<div class=\"elementor-column elementor-col-100 elementor-top-column elementor-element elementor-element-572cf44\" data-id=\"572cf44\" data-element_type=\"column\" data-e-type=\"column\">\n\t\t\t<div class=\"elementor-widget-wrap elementor-element-populated\">\n\t\t\t\t\t\t<div class=\"elementor-element elementor-element-2d3db0b elementor-widget elementor-widget-heading\" data-id=\"2d3db0b\" data-element_type=\"widget\" data-e-type=\"widget\" data-widget_type=\"heading.default\">\n\t\t\t\t<div class=\"elementor-widget-container\">\n\t\t\t\t\t<h2 class=\"elementor-heading-title elementor-size-default\">Domiciliaci\u00f3n de recibos<\/h2>\t\t\t\t<\/div>\n\t\t\t\t<\/div>\n\t\t\t\t<div class=\"elementor-element elementor-element-cbc45ef Formulario elementor-widget elementor-widget-shortcode\" data-id=\"cbc45ef\" data-element_type=\"widget\" data-e-type=\"widget\" data-widget_type=\"shortcode.default\">\n\t\t\t\t<div class=\"elementor-widget-container\">\n\t\t\t\t\t\t\t<div class=\"elementor-shortcode\">\n<div class=\"wpcf7 no-js\" id=\"wpcf7-f7-o1\" lang=\"es-ES\" dir=\"ltr\" data-wpcf7-id=\"7\">\n<div class=\"screen-reader-response\"><p role=\"status\" aria-live=\"polite\" aria-atomic=\"true\"><\/p> <ul><\/ul><\/div>\n<form action=\"\/gest\/wp-json\/wp\/v2\/pages\/30#wpcf7-f7-o1\" method=\"post\" class=\"wpcf7-form init\" aria-label=\"Formulario de contacto\" novalidate=\"novalidate\" data-status=\"init\">\n<fieldset class=\"hidden-fields-container\"><input type=\"hidden\" name=\"_wpcf7\" value=\"7\" \/><input type=\"hidden\" name=\"_wpcf7_version\" value=\"6.1.5\" \/><input type=\"hidden\" name=\"_wpcf7_locale\" value=\"es_ES\" \/><input type=\"hidden\" name=\"_wpcf7_unit_tag\" value=\"wpcf7-f7-o1\" \/><input type=\"hidden\" name=\"_wpcf7_container_post\" value=\"0\" \/><input type=\"hidden\" name=\"_wpcf7_posted_data_hash\" value=\"\" \/><input type=\"hidden\" name=\"_wpcf7cf_hidden_group_fields\" value=\"[]\" \/><input type=\"hidden\" name=\"_wpcf7cf_hidden_groups\" value=\"[]\" \/><input type=\"hidden\" name=\"_wpcf7cf_visible_groups\" value=\"[]\" \/><input type=\"hidden\" name=\"_wpcf7cf_repeaters\" value=\"[]\" \/><input type=\"hidden\" name=\"_wpcf7cf_steps\" value=\"{}\" \/><input type=\"hidden\" name=\"_wpcf7cf_options\" value=\"{&quot;form_id&quot;:7,&quot;conditions&quot;:[{&quot;then_field&quot;:&quot;IdentificacionOk&quot;,&quot;and_rules&quot;:[{&quot;if_field&quot;:&quot;Verificacion&quot;,&quot;operator&quot;:&quot;equals&quot;,&quot;if_value&quot;:&quot;Si dispone del n\\u00famero de referencia que se indica en el rec\\u00edbo marque esta opci\\u00f3n&quot;}]},{&quot;then_field&quot;:&quot;IdentificacionNO&quot;,&quot;and_rules&quot;:[{&quot;if_field&quot;:&quot;Verificacion&quot;,&quot;operator&quot;:&quot;equals&quot;,&quot;if_value&quot;:&quot;No dispone del n\\u00famero de referencia del recibo, indique el nombre de alg\\u00fan fallecido inhumado en la unidad de enterramiento&quot;}]},{&quot;then_field&quot;:&quot;RecibosTerceros&quot;,&quot;and_rules&quot;:[{&quot;if_field&quot;:&quot;Domiciliacion&quot;,&quot;operator&quot;:&quot;equals&quot;,&quot;if_value&quot;:&quot;Si usted no es el titular de la unidad del enterramiento marque esta casilla&quot;}]},{&quot;then_field&quot;:&quot;Aviso&quot;,&quot;and_rules&quot;:[{&quot;if_field&quot;:&quot;Domiciliacion&quot;,&quot;operator&quot;:&quot;equals&quot;,&quot;if_value&quot;:&quot;Si usted no es el titular de la unidad del enterramiento marque esta casilla&quot;}]}],&quot;settings&quot;:{&quot;animation&quot;:&quot;yes&quot;,&quot;animation_intime&quot;:200,&quot;animation_outtime&quot;:200,&quot;conditions_ui&quot;:&quot;normal&quot;,&quot;notice_dismissed&quot;:false}}\" \/><input type=\"hidden\" name=\"_wpcf7dtx_version\" value=\"5.0.5\" \/>\n<\/fieldset>\n<p><u>Nota 1:<\/u> Para realizar la domiciliaci\u00f3n ser\u00e1 necesario haber abonado la totalidad de recibos pendientes de la unidad de enterramiento en cuesti\u00f3n.\n<\/p>\n<p><u>Nota 2:<\/u> Cada unidad de enterramiento requerir\u00e1 un mandato SEPA \u00fanico.\n<\/p>\n<p>Puede obtener informaci\u00f3n adicional sobre sus derechos en su entidad financiera\n<\/p>\n<header class=\"titulo_pagina_cont hidden\">\n\t<h1 class=\"px30 blanco black marginBottom_4em relative titulo_pagina\">DATOS PERSONALES\n\t<\/h1>\n<\/header>\n<p><span class=\"wpcf7-form-control-wrap submission_id-957\"><input class=\"wpcf7-form-control wpcf7-submission_id_hidden wpcf7-validates-as-number\" readonly=\"readonly\" aria-invalid=\"false\" value=\"533\" name=\"submission_id-957\" type=\"hidden\" \/><\/span>\n<\/p>\n<div class=\"px30 blanco width-100 marginBottom_4em relative\">\n\t<p>Mediante la firma de esta orden de domiciliaci\u00f3n el deudor autoriza a EMUCESA a enviar instrucciones a la entidad del deudor para adeudar su cuenta y a su entidad bancaria para efectuar los adeudos en su cuenta siguiendo las instrucciones de EMUCESA.\n\t<\/p>\n\t<p>Como parte de sus derechos, el deudor est\u00e1 legitimado al reembolso por su entidad en los t\u00e9rminos y condiciones del contrato suscrito con la misma. La solicitud de reembolso deber\u00e1 efectuarse dentro de las ocho semanas que siguen a la fecha de adeudo en cuenta.\n\t<\/p>\n\t<p>No se notificar\u00e1 previamente el cargo al deudor.\n\t<\/p>\n<\/div>\n<h2>Identifique su unidad de enterramiento para la domiciliaci\u00f3n\n<\/h2>\n<p style=\"color:#f2b705\">No olvide elegir una opci\u00f3n para rellenar el formulario correctamente\n<\/p>\n<p><span class=\"wpcf7-form-control-wrap\" data-name=\"Verificacion\"><span class=\"wpcf7-form-control wpcf7-checkbox wpcf7-validates-as-required wpcf7-exclusive-checkbox\"><span class=\"wpcf7-list-item first\"><label><input type=\"checkbox\" name=\"Verificacion\" value=\"Si dispone del n\u00famero de referencia que se indica en el rec\u00edbo marque esta opci\u00f3n\" \/><span class=\"wpcf7-list-item-label\">Si dispone del n\u00famero de referencia que se indica en el rec\u00edbo marque esta opci\u00f3n<\/span><\/label><\/span><span class=\"wpcf7-list-item last\"><label><input type=\"checkbox\" name=\"Verificacion\" value=\"No dispone del n\u00famero de referencia del recibo, indique el nombre de alg\u00fan fallecido inhumado en la unidad de enterramiento\" \/><span class=\"wpcf7-list-item-label\">No dispone del n\u00famero de referencia del recibo, indique el nombre de alg\u00fan fallecido inhumado en la unidad de enterramiento<\/span><\/label><\/span><\/span><\/span>\n<\/p>\n<div data-id=\"IdentificacionOk\" data-orig_data_id=\"IdentificacionOk\"  class=\"\" data-class=\"wpcf7cf_group\">\n\t<div class=\"domic-form\">\n\t\t<div class=\"domic--grp width-100\">\n\t\t\t<p><span class=\"wpcf7-form-control-wrap\" data-name=\"Referencia\"><input size=\"40\" maxlength=\"400\" class=\"wpcf7-form-control wpcf7-text wpcf7-validates-as-required solo-numeros\" aria-required=\"true\" aria-invalid=\"false\" placeholder=\"N\u00famero de referencia\" value=\"\" type=\"text\" name=\"Referencia\" \/><\/span>\n\t\t\t<\/p>\n\t\t<\/div>\n\t<\/div>\n<\/div>\n<div data-id=\"IdentificacionNO\" data-orig_data_id=\"IdentificacionNO\"  class=\"\" data-class=\"wpcf7cf_group\">\n\t<div class=\"domic-form\">\n\t\t<div class=\"domic--grp width-50\">\n\t\t\t<p><span class=\"wpcf7-form-control-wrap\" data-name=\"NombreFallecido\"><input size=\"40\" maxlength=\"400\" class=\"wpcf7-form-control wpcf7-text wpcf7-validates-as-required solo-letras\" aria-required=\"true\" aria-invalid=\"false\" placeholder=\"Nombre del fallecido\" value=\"\" type=\"text\" name=\"NombreFallecido\" \/><\/span>\n\t\t\t<\/p>\n\t\t<\/div>\n\t\t<div class=\"domic--grp width-50\">\n\t\t\t<p><span class=\"wpcf7-form-control-wrap\" data-name=\"AnoFallecido\"><input size=\"40\" maxlength=\"400\" class=\"wpcf7-form-control wpcf7-text wpcf7-validates-as-required\" aria-required=\"true\" aria-invalid=\"false\" placeholder=\"A\u00f1o del fallecimiento\" value=\"\" type=\"text\" name=\"AnoFallecido\" \/><\/span>\n\t\t\t<\/p>\n\t\t<\/div>\n\t<\/div>\n<\/div>\n<h2>Datos personales del domiciliador\n<\/h2>\n<p>Si dispone del n\u00famero de referencia que se indica en el rec\u00edbo ind\u00edquelo aqu\u00ed\n<\/p>\n<div class=\"domic-form\">\n\t<div class=\"domic--grp width-50\">\n\t\t<p><span class=\"wpcf7-form-control-wrap\" data-name=\"NombreDomiciliador\"><input size=\"40\" maxlength=\"400\" class=\"wpcf7-form-control wpcf7-text wpcf7-validates-as-required solo-letras\" aria-required=\"true\" aria-invalid=\"false\" placeholder=\"Nombre y apellidos del domiciliador\" value=\"\" type=\"text\" name=\"NombreDomiciliador\" \/><\/span>\n\t\t<\/p>\n\t<\/div>\n\t<div class=\"domic--grp width-50\">\n\t\t<p><span class=\"wpcf7-form-control-wrap\" data-name=\"DNIDomiciliador\"><input size=\"40\" maxlength=\"400\" class=\"wpcf7-form-control wpcf7-text wpcf7-validates-as-required\" aria-required=\"true\" aria-invalid=\"false\" placeholder=\"DNI del domiciliador\" value=\"\" type=\"text\" name=\"DNIDomiciliador\" \/><\/span>\n\t\t<\/p>\n\t<\/div>\n\t<div class=\"domic--grp width-50\">\n\t\t<p><span class=\"wpcf7-form-control-wrap\" data-name=\"CodigoPostal\"><input size=\"40\" maxlength=\"400\" class=\"wpcf7-form-control wpcf7-text wpcf7-validates-as-required\" aria-required=\"true\" aria-invalid=\"false\" placeholder=\"C\u00f3digo Postal\" value=\"\" type=\"text\" name=\"CodigoPostal\" \/><\/span>\n\t\t<\/p>\n\t<\/div>\n\t<div class=\"domic--grp width-50\">\n\t\t<p><span class=\"wpcf7-form-control-wrap\" data-name=\"Telefono\"><input size=\"40\" maxlength=\"400\" class=\"wpcf7-form-control wpcf7-text wpcf7-validates-as-required\" aria-required=\"true\" aria-invalid=\"false\" placeholder=\"Tel\u00e9fono\" value=\"\" type=\"text\" name=\"Telefono\" \/><\/span>\n\t\t<\/p>\n\t<\/div>\n\t<div class=\"domic--grp width-50\">\n\t\t<p><span class=\"wpcf7-form-control-wrap\" data-name=\"email\"><input size=\"40\" maxlength=\"400\" class=\"wpcf7-form-control wpcf7-email wpcf7-validates-as-required wpcf7-text wpcf7-validates-as-email email-input\" aria-required=\"true\" aria-invalid=\"false\" placeholder=\"email@email.com\" value=\"\" type=\"email\" name=\"email\" \/><\/span>\n\t\t<\/p>\n\t<\/div>\n\t<div class=\"domic--grp width-50\">\n\t\t<p><span class=\"wpcf7-form-control-wrap\" data-name=\"Ciudad\"><input size=\"40\" maxlength=\"400\" class=\"wpcf7-form-control wpcf7-text wpcf7-validates-as-required\" aria-required=\"true\" aria-invalid=\"false\" placeholder=\"Ciudad\" value=\"\" type=\"text\" name=\"Ciudad\" \/><\/span>\n\t\t<\/p>\n\t<\/div>\n\t<div class=\"domic--grp width-50\">\n\t\t<p><span class=\"wpcf7-form-control-wrap\" data-name=\"Pais\"><input size=\"40\" maxlength=\"400\" class=\"wpcf7-form-control wpcf7-text wpcf7-validates-as-required\" aria-required=\"true\" aria-invalid=\"false\" placeholder=\"Pa\u00eds\" value=\"\" type=\"text\" name=\"Pais\" \/><\/span>\n\t\t<\/p>\n\t<\/div>\n\t<div class=\"domic--grp width-50\">\n\t\t<p><span class=\"wpcf7-form-control-wrap\" data-name=\"IBAN\"><input size=\"40\" maxlength=\"400\" class=\"wpcf7-form-control wpcf7-text wpcf7-validates-as-required iban-input\" aria-required=\"true\" aria-invalid=\"false\" placeholder=\"ES47 2121 1009 0000 0002 3569 8741\" value=\"\" type=\"text\" name=\"IBAN\" \/><\/span>\n\t\t<\/p>\n\t<\/div>\n\t<header class=\"titulo_pagina_cont hidden\">\n\t\t<h2 class=\"px30 blanco  marginBottom_4em relative titulo_pagina\">Firma\n\t\t<\/h2>\n\t<\/header>\n\t<div class=\"domic--grp width-25\">\n\t\t<p><label>Ciudad<\/label><span class=\"wpcf7-form-control-wrap\" data-name=\"CiudadFirma\"><input size=\"40\" maxlength=\"400\" class=\"wpcf7-form-control wpcf7-text wpcf7-validates-as-required\" aria-required=\"true\" aria-invalid=\"false\" placeholder=\"Introduzca ciudad\" value=\"\" type=\"text\" name=\"CiudadFirma\" \/><\/span><label><\/label>\n\t\t<\/p>\n\t<\/div>\n\t<div class=\"domic--grp width-25\">\n\t\t<p><label>D\u00eda \/ Mes \/ A\u00f1o<\/label><span class=\"wpcf7-form-control-wrap\" data-name=\"Fecha\"><input class=\"wpcf7-form-control wpcf7-date wpcf7-validates-as-required wpcf7-validates-as-date custom-date-field\" id=\"fecha\" min=\"2026-04-27\" aria-required=\"true\" aria-invalid=\"false\" value=\"\" type=\"date\" name=\"Fecha\" \/><\/span>\n\t\t<\/p>\n\t<\/div>\n<\/div>\n<div class=\"domic--grp width-50\">\n\t<p><label>Firma\/s del deudor\/es<\/label><div class=\"dscf7_signature\">\n\t\t\t<div class=\"dscf7_signature_inner\">\n\t\t\t\t<canvas id=\"digital_signature-pad_Firmasdeldeudores\" name=\"Firmasdeldeudores\" class=\"digital_signature-pad\" color=\"#000000\" backcolor=\"#dddddd\" width=\"300px\" height=\"100px\"><\/canvas>\n\t\t\t\t<input class=\"clearButton\" type=\"button\" value=\"+\">\n\t\t\t<\/div>\n\t\t\t<span class=\"wpcf7-form-control-wrap Firmasdeldeudores\">\n\t\t\t\t<input class=\"wpcf7-form-control wpcf7-signaturewpcf7-validates-as-signaturedscf7-signature\" value=\"\" type=\"hidden\" name=\"Firmasdeldeudores\"\/>\n\t\t\t\t<input type=\"hidden\" name=\"Firmasdeldeudores-attachment\" class=\"wpcf7_input_Firmasdeldeudores_attachment\"\/>\n\t\t\t\t<input type=\"hidden\" name=\"Firmasdeldeudores-inline\" class=\"wpcf7_input_Firmasdeldeudores_inline\"\/>\n\t\t\t<\/span>\n\t\t<\/div>\n\t<\/p>\n<\/div>\n<div class=\"px30 blanco width-100 marginBottom_4em relative\">\n<\/div>\n<p>Informaci\u00f3n b\u00e1sica sobre protecci\u00f3n de datos personales.\n<\/p>\n<p>El responsable del tratamiento de sus datos es EMUCESA. Sus datos ser\u00e1n tratados con la finalidad de gestionar la petici\u00f3n contenida en el presente formulario. Puede acceder a sus datos, solicitar que se modifiquen o supriman, pedir que limitemos el tratamiento, ejercer el derecho a la portabilidad, u oponerse al tratamiento en determinados supuestos.\n<\/p>\n<p><span class=\"wpcf7-form-control-wrap\" data-name=\"Domiciliacion\"><span class=\"wpcf7-form-control wpcf7-checkbox wpcf7-exclusive-checkbox\"><span class=\"wpcf7-list-item first last\"><label><input type=\"checkbox\" name=\"Domiciliacion\" value=\"Si usted no es el titular de la unidad del enterramiento marque esta casilla\" \/><span class=\"wpcf7-list-item-label\">Si usted no es el titular de la unidad del enterramiento marque esta casilla<\/span><\/label><\/span><\/span><\/span>\n<\/p>\n<div data-id=\"RecibosTerceros\" data-orig_data_id=\"RecibosTerceros\"  class=\"\" data-class=\"wpcf7cf_group\">\n\t<header class=\"titulo_pagina_cont hidden\">\n\t\t<div>\n\t\t\t<h3 class=\"px30 blanco black marginBottom_4em relative titulo_pagina\">MODELO AUTORIZACI\u00d3N DOMICILIACI\u00d3N RECIBOS<br \/>\n<label>RELLENAR SOLO EN CASO QUE SEA NECESARIO<\/label>\n\t\t\t<\/h3>\n\t\t<\/div>\n\t<\/header>\n\t<div class=\"domic-form\">\n\t\t<div class=\"domic--grp width-50\">\n\t\t\t<p><span class=\"wpcf7-form-control-wrap\" data-name=\"NombreFallecidoDomiciliacion\"><input size=\"40\" maxlength=\"400\" class=\"wpcf7-form-control wpcf7-text solo-letras\" aria-invalid=\"false\" placeholder=\"Nombre y apellidos del titular de la unidad de enterramiento\" value=\"\" type=\"text\" name=\"NombreFallecidoDomiciliacion\" \/><\/span>\n\t\t\t<\/p>\n\t\t<\/div>\n\t\t<div class=\"domic--grp width-50\">\n\t\t\t<p><span class=\"wpcf7-form-control-wrap\" data-name=\"DNIFallecido\"><input size=\"40\" maxlength=\"400\" class=\"wpcf7-form-control wpcf7-text\" aria-invalid=\"false\" placeholder=\"DNI\" value=\"\" type=\"text\" name=\"DNIFallecido\" \/><\/span><label>actuando en su nombre y en calidad de titular de la unidad de enterramiento. <\/label>\n\t\t\t<\/p>\n\t\t<\/div>\n\t<\/div>\n\t<div>\n\t<\/div>\n\t<header class=\"titulo_pagina_cont hidden\">\n\t\t<h3 class=\"px30 blanco black marginBottom_4em relative titulo_pagina\">Autoriza\n\t\t<\/h3>\n\t<\/header>\n\t<div class=\"domic-form\">\n\t\t<div class=\"domic--grp width-50\">\n\t\t\t<p><span class=\"wpcf7-form-control-wrap\" data-name=\"NombreAutorizacion\"><input size=\"40\" maxlength=\"400\" class=\"wpcf7-form-control wpcf7-text solo-teras\" aria-invalid=\"false\" placeholder=\"Nombre y apellidos\" value=\"\" type=\"text\" name=\"NombreAutorizacion\" \/><\/span>\n\t\t\t<\/p>\n\t\t<\/div>\n\t\t<div class=\"domic--grp width-50\">\n\t\t\t<p><span class=\"wpcf7-form-control-wrap\" data-name=\"DNIAutorizacion\"><input size=\"40\" maxlength=\"400\" class=\"wpcf7-form-control wpcf7-text\" aria-invalid=\"false\" placeholder=\"DNI\" value=\"\" type=\"text\" name=\"DNIAutorizacion\" \/><\/span><br \/>\n<label> para que desde esta fecha y con car\u00e1cter indefinido, EMUCESA env\u00ede instrucciones a la entidad del deudor para adeudar su cuenta y a su entidad bancaria para efectuar los adeudos en su cuenta siguiendo las instrucciones de EMUCESA.<\/label>\n\t\t\t<\/p>\n\t\t<\/div>\n\t<\/div>\n\t<header class=\"titulo_pagina_cont hidden\">\n\t\t<h2 class=\"px30 blanco  marginBottom_4em relative titulo_pagina\">Firma\n\t\t<\/h2>\n\t<\/header>\n\t<div class=\"domic-form\">\n\t\t<div class=\"domic--grp width-25\">\n\t\t\t<p><label>Ciudad<\/label><span class=\"wpcf7-form-control-wrap\" data-name=\"CiudadFirma2\"><input size=\"40\" maxlength=\"400\" class=\"wpcf7-form-control wpcf7-text wpcf7-validates-as-required\" aria-required=\"true\" aria-invalid=\"false\" placeholder=\"Introduzca ciudad\" value=\"\" type=\"text\" name=\"CiudadFirma2\" \/><\/span>\n\t\t\t<\/p>\n\t\t<\/div>\n\t\t<div class=\"domic--grp width-25\">\n\t\t\t<p><label>D\u00eda \/ Mes \/ A\u00f1o<\/label><span class=\"wpcf7-form-control-wrap\" data-name=\"Fecha2\"><input class=\"wpcf7-form-control wpcf7-date wpcf7-validates-as-required wpcf7-validates-as-date custom-date-field\" min=\"2026-04-27\" aria-required=\"true\" aria-invalid=\"false\" value=\"\" type=\"date\" name=\"Fecha2\" \/><\/span>\n\t\t\t<\/p>\n\t\t<\/div>\n\t\t<div class=\"domic-form\">\n\t\t\t<div class=\"domic--grp width-25 blanco\">\n\t\t\t\t<p><label>Firma titular<\/label><div class=\"dscf7_signature\">\n\t\t\t<div class=\"dscf7_signature_inner\">\n\t\t\t\t<canvas id=\"digital_signature-pad_FirmaTitular\" name=\"FirmaTitular\" class=\"digital_signature-pad\" color=\"#000000\" backcolor=\"#dddddd\" width=\"300px\" height=\"100px\"><\/canvas>\n\t\t\t\t<input class=\"clearButton\" type=\"button\" value=\"+\">\n\t\t\t<\/div>\n\t\t\t<span class=\"wpcf7-form-control-wrap FirmaTitular\">\n\t\t\t\t<input class=\"wpcf7-form-control wpcf7-signature wpcf7-validates-as-requiredwpcf7-validates-as-signaturedscf7-signature\" value=\"\" type=\"hidden\" name=\"FirmaTitular\"\/>\n\t\t\t\t<input type=\"hidden\" name=\"FirmaTitular-attachment\" class=\"wpcf7_input_FirmaTitular_attachment\"\/>\n\t\t\t\t<input type=\"hidden\" name=\"FirmaTitular-inline\" class=\"wpcf7_input_FirmaTitular_inline\"\/>\n\t\t\t<\/span>\n\t\t<\/div><b><span style=\"color:red\">RECUERDE QUE HA DE RELLENAR AMBOS CAMPOS DE FIRMA<\/span><\/b>\n\t\t\t\t<\/p>\n\t\t\t<\/div>\n\t\t\t<div class=\"domic--grp width-25 blanco\">\n\t\t\t\t<p><label>Firma autorizado<\/label><div class=\"dscf7_signature\">\n\t\t\t<div class=\"dscf7_signature_inner\">\n\t\t\t\t<canvas id=\"digital_signature-pad_Firmaautorizado\" name=\"Firmaautorizado\" class=\"digital_signature-pad\" color=\"#000000\" backcolor=\"#dddddd\" width=\"300px\" height=\"100px\"><\/canvas>\n\t\t\t\t<input class=\"clearButton\" type=\"button\" value=\"+\">\n\t\t\t<\/div>\n\t\t\t<span class=\"wpcf7-form-control-wrap Firmaautorizado\">\n\t\t\t\t<input class=\"wpcf7-form-control wpcf7-signature wpcf7-validates-as-requiredwpcf7-validates-as-signaturedscf7-signature\" value=\"\" type=\"hidden\" name=\"Firmaautorizado\"\/>\n\t\t\t\t<input type=\"hidden\" name=\"Firmaautorizado-attachment\" class=\"wpcf7_input_Firmaautorizado_attachment\"\/>\n\t\t\t\t<input type=\"hidden\" name=\"Firmaautorizado-inline\" class=\"wpcf7_input_Firmaautorizado_inline\"\/>\n\t\t\t<\/span>\n\t\t<\/div>\n\t\t\t\t<\/p>\n\t\t\t<\/div>\n\t\t<\/div>\n\t<\/div>\n<\/div>\n<div data-id=\"Aviso\" data-orig_data_id=\"Aviso\"  class=\"\" data-class=\"wpcf7cf_group\">\n\t<p><span class=\"wpcf7-form-control-wrap\" data-name=\"Proteccion\"><input size=\"40\" maxlength=\"400\" class=\"wpcf7-form-control wpcf7-text proteccion\" readonly=\"readonly\" aria-invalid=\"false\" value=\"Informaci\u00f3n b\u00e1sica sobre protecci\u00f3n de datos personales.El responsable del tratamiento de sus datos es EMUCESA. Sus datos ser\u00e1n tratados con la finalidad de gestionar la petici\u00f3n contenida en el presente formulario. Puede acceder a sus datos, solicitar que se modifiquen o supriman, pedir que limitemos el tratamiento, ejercer el derecho a la portabilidad, u oponerse al tratamiento en determinados supuestos.\" type=\"text\" name=\"Proteccion\" \/><\/span>\n\t<\/p>\n<\/div>\n<header>\n\t<div style=\"display:block;width:300px;margin:100px 0;\" class=\"domic--grp width-100\">\n\t\t<p><input class=\"wpcf7-form-control wpcf7-submit has-spinner\" type=\"submit\" value=\"Enviar\" \/>\n\t\t<\/p>\n\t<\/div>\n<\/header><div class=\"wpcf7-response-output\" aria-hidden=\"true\"><\/div>\n<\/form>\n<\/div>\n<\/div>\n\t\t\t\t\t\t<\/div>\n\t\t\t\t<\/div>\n\t\t\t\t\t<\/div>\n\t\t<\/div>\n\t\t\t\t\t<\/div>\n\t\t<\/section>\n\t\t\t\t<\/div>\n\t\t","protected":false},"excerpt":{"rendered":"<p>Domiciliaci\u00f3n de recibos<\/p>\n","protected":false},"author":1,"featured_media":0,"parent":0,"menu_order":0,"comment_status":"closed","ping_status":"closed","template":"elementor_header_footer","meta":{"_acf_changed":false,"footnotes":""},"class_list":["post-30","page","type-page","status-publish"],"acf":[],"_links":{"self":[{"href":"https:\/\/emucesa.es\/gest\/wp-json\/wp\/v2\/pages\/30","targetHints":{"allow":["GET"]}}],"collection":[{"href":"https:\/\/emucesa.es\/gest\/wp-json\/wp\/v2\/pages"}],"about":[{"href":"https:\/\/emucesa.es\/gest\/wp-json\/wp\/v2\/types\/page"}],"author":[{"embeddable":true,"href":"https:\/\/emucesa.es\/gest\/wp-json\/wp\/v2\/users\/1"}],"replies":[{"embeddable":true,"href":"https:\/\/emucesa.es\/gest\/wp-json\/wp\/v2\/comments?post=30"}],"version-history":[{"count":29,"href":"https:\/\/emucesa.es\/gest\/wp-json\/wp\/v2\/pages\/30\/revisions"}],"predecessor-version":[{"id":168,"href":"https:\/\/emucesa.es\/gest\/wp-json\/wp\/v2\/pages\/30\/revisions\/168"}],"wp:attachment":[{"href":"https:\/\/emucesa.es\/gest\/wp-json\/wp\/v2\/media?parent=30"}],"curies":[{"name":"wp","href":"https:\/\/api.w.org\/{rel}","templated":true}]}}